

{"id":611,"date":"2019-11-19T11:41:59","date_gmt":"2019-11-19T02:41:59","guid":{"rendered":"https:\/\/www.grandg.com\/topics\/?page_id=611"},"modified":"2020-08-26T17:05:36","modified_gmt":"2020-08-26T08:05:36","slug":"gg_pianomaster","status":"publish","type":"page","link":"https:\/\/www.grandg.com\/topics\/gg_pianomaster\/","title":{"rendered":"\u30b0\u30e9\u30f3\u30c9\u30ae\u30e3\u30e9\u30ea\u30fc\u30ec\u30b9\u30ca\u30fc\u30ba\u30af\u30e9\u30d6"},"content":{"rendered":"<div class=\"pic\"><img src=\"https:\/\/www.grandg.com\/images\/ban_pianomaster2.jpg\" alt=\"GrandGallery\u30ec\u30b9\u30ca\u30fc\u30af\u30e9\u30d6\">\n<\/div>\n<p class=\"ranking_p mb30\">\n\u30b0\u30e9\u30f3\u30c9\u30ae\u30e3\u30e9\u30ea\u30fc\u30fb\u30ec\u30b9\u30ca\u30fc\u30ba\u30af\u30e9\u30d6\uff08GG\u30ec\u30b9\u30ca\u30fc\u30ba\u30af\u30e9\u30d6\uff09\u3068\u306f\u3001<br \/>\n\u97f3\u697d\u6307\u5c0e\u8005\u69d8\u3078\u306e\u30d4\u30a2\u30ce\u306e\u30c8\u30fc\u30bf\u30eb\u30b5\u30fc\u30d3\u30b9\u3092\u63d0\u4f9b\u3055\u305b\u3066\u3044\u305f\u3060\u304f\u5236\u5ea6\u3067\u3059\u3002\n<\/p>\n<h3 class=\"ttl_style5\">\u4f1a\u54e1\uff08\u8b1b\u5e2b\u69d8\uff09\u30fb\u3054\u7d39\u4ecb\u3044\u305f\u3060\u3044\u305f\u65b9\uff08\u751f\u5f92\u69d8\u7b49\uff09\u3078\u306e\u7279\u5178<\/h3>\n<p class=\"ranking_p mb30\">\n\u25cf\u30d4\u30a2\u30ce\u3092\u3054\u6210\u7d04\u306e\u969b\u3001\u3055\u3055\u3084\u304b\u306a\u304a\u793c\u3092\u5dee\u3057\u4e0a\u3052\u3066\u304a\u308a\u307e\u3059\u3002<br \/>\n\u25cf\u5f0a\u793e\u8a8d\u5b9a\u8abf\u5f8b\u5e2b\u3084\u3001\u8a8d\u5b9a\u904b\u9001\u4f1a\u793e\u3092\u512a\u5f85\u65a1\u65cb\u3055\u305b\u3066\u3044\u305f\u3060\u304d\u307e\u3059\u3002<br \/>\n\u25cf\u30d4\u30a2\u30ce\u30a2\u30af\u30bb\u30b5\u30ea\u30fc\uff08\u4ed8\u5c5e\u54c1\uff09\u3092\u512a\u5f85\u4fa1\u683c\u3067\u65a1\u65cb\u3055\u305b\u3066\u3044\u305f\u3060\u304d\u307e\u3059\u3002<br \/>\n\u25cf\u3054\u76f8\u8ac7\u7a93\u53e3\u306b\u3066\u3001\u30d4\u30a2\u30ce\u306b\u95a2\u308f\u308b\u3042\u3089\u3086\u308b\u3054\u76f8\u8ac7\u306b\u304a\u5fdc\u3048\u3057\u307e\u3059\u3002\n<\/p>\n<p class=\"ranking_p mb30\">\n\u307e\u305a\u306f\u3001\u5f0a\u793e\u30b9\u30bf\u30c3\u30d5\u3088\u308a\u8a73\u3057\u304f\u3054\u8aac\u660e\u3055\u305b\u3066\u3044\u305f\u3060\u304d\u307e\u3059\u3002\u304a\u96fb\u8a71\u307e\u305f\u306f\u4e0b\u8a18\u304a\u554f\u5408\u305b\u30d5\u30a9\u30fc\u30e0\u3088\u308a\u304a\u554f\u5408\u305b\u4e0b\u3055\u3044\u3002\n<\/p>\n<h3 class=\"ttl_style5\">\u304a\u96fb\u8a71\u306b\u3088\u308b\u304a\u554f\u3044\u5408\u308f\u305b<\/h3>\n<p class=\"ranking_p mb30\">\u304a\u554f\u3044\u5408\u308f\u305b\u5148\u96fb\u8a71\u756a\u53f7\uff1a0120-25-9939\uff08\u55b6\u696d\u6642\u9593\uff1a9\uff1a00\u301c19\uff1a00 \u5e74\u4e2d\u7121\u4f11\uff09<br \/>\nGG\u30ec\u30b9\u30ca\u30fc\u30ba\u30af\u30e9\u30d6\u62c5\u5f53\uff1a\u4e38\u5c71\u30fb\u5c0f\u585a<\/p>\n<p class=\"ranking_p mb30\">\u30e1\u30fc\u30eb\u3067\u306e\u554f\u3044\u5408\u308f\u305b\uff1asupport@grandg.com<\/p>\n<h3 class=\"ttl_style5\">\u30d5\u30a9\u30fc\u30e0\u3067\u306e\u304a\u554f\u3044\u5408\u308f\u305b<\/h3>\n<div role=\"form\" class=\"wpcf7\" id=\"wpcf7-f688-o1\" lang=\"ja\" dir=\"ltr\">\n<div class=\"screen-reader-response\"><\/div>\n<form action=\"\/topics\/wp-json\/wp\/v2\/pages\/611#wpcf7-f688-o1\" method=\"post\" class=\"wpcf7-form\" novalidate=\"novalidate\">\n<div style=\"display: none;\">\n<input type=\"hidden\" name=\"_wpcf7\" value=\"688\" \/>\n<input type=\"hidden\" name=\"_wpcf7_version\" value=\"5.1.6\" \/>\n<input type=\"hidden\" name=\"_wpcf7_locale\" value=\"ja\" \/>\n<input type=\"hidden\" name=\"_wpcf7_unit_tag\" value=\"wpcf7-f688-o1\" \/>\n<input type=\"hidden\" name=\"_wpcf7_container_post\" value=\"0\" \/>\n<\/div>\n<div class=\"dl_table_style sec_style\">\n<dl>\n<dt class=\"required\">\u304a\u540d\u524d<\/dt>\n<dd><span class=\"wpcf7-form-control-wrap your-name\"><input type=\"text\" name=\"your-name\" value=\"\" size=\"40\" class=\"wpcf7-form-control wpcf7-text wpcf7-validates-as-required\" aria-required=\"true\" aria-invalid=\"false\" placeholder=\"\u4f8b\uff1a\u5c71\u7530\u3000\u592a\u90ce\" \/><\/span><\/dd>\n<\/dl>\n<dl>\n<dt class=\"required\">\u3054\u9023\u7d61\u5148\uff08\u643a\u5e2f\u96fb\u8a71OK\uff09<\/dt>\n<dd><span class=\"wpcf7-form-control-wrap text-17\"><input type=\"text\" name=\"text-17\" value=\"\" size=\"40\" class=\"wpcf7-form-control wpcf7-text wpcf7-validates-as-required\" aria-required=\"true\" aria-invalid=\"false\" placeholder=\"\u4f8b\uff1a0564-73-0630\" \/><\/span><\/dd>\n<\/dl>\n<dl>\n<dt class=\"required\">\u30e1\u30fc\u30eb\u30a2\u30c9\u30ec\u30b9<\/dt>\n<dd><span class=\"wpcf7-form-control-wrap your-email\"><input type=\"email\" name=\"your-email\" value=\"\" size=\"40\" class=\"wpcf7-form-control wpcf7-text wpcf7-email wpcf7-validates-as-required wpcf7-validates-as-email\" aria-required=\"true\" aria-invalid=\"false\" placeholder=\"\u4f8b\uff1a\u00d7\u00d7\u00d7@\u00d7\u00d7\u00d7.com\" \/><\/span><\/dd>\n<\/dl>\n<dl>\n<dt class=\"required\">\u304a\u4f4f\u307e\u3044\u306e\u90fd\u9053\u5e9c\u770c<\/dt>\n<dd><span class=\"wpcf7-form-control-wrap pref\"><input type=\"text\" name=\"pref\" value=\"\" size=\"40\" class=\"wpcf7-form-control wpcf7-text wpcf7-validates-as-required\" id=\"pref\" aria-required=\"true\" aria-invalid=\"false\" placeholder=\"\u4f8b\uff1a\u611b\u77e5\u770c\" \/><\/span><\/dd>\n<\/dl>\n<dl>\n<dt class=\"required\">\u304a\u4f4f\u307e\u3044\u306e\u5e02\u753a\u6751<\/dt>\n<dd><span class=\"wpcf7-form-control-wrap addr\"><input type=\"text\" name=\"addr\" value=\"\" size=\"40\" class=\"wpcf7-form-control wpcf7-text wpcf7-validates-as-required\" id=\"addr\" aria-required=\"true\" aria-invalid=\"false\" placeholder=\"\u4f8b\uff1a\u5ca1\u5d0e\u5e02\u5927\u5e73\u753a\" \/><\/span><\/dd>\n<\/dl>\n<dl>\n<dt class=\"required\">\u6559\u5ba4\u540d<\/dt>\n<dd><span class=\"wpcf7-form-control-wrap school\"><input type=\"text\" name=\"school\" value=\"\" size=\"40\" class=\"wpcf7-form-control wpcf7-text wpcf7-validates-as-required\" aria-required=\"true\" aria-invalid=\"false\" placeholder=\"\u4f8b\uff1a\u30b0\u30e9\u30f3\u30c9\u30ae\u30e3\u30e9\u30ea\u30fc\u30d4\u30a2\u30ce\u6559\u5ba4\" \/><\/span><\/dd>\n<\/dl>\n<dl>\n<dt>\u3054\u8cea\u554f\u30fb\u3054\u8981\u671b\uff08\u3042\u308c\u3070\u3054\u8a18\u5165\u4e0b\u3055\u3044\uff09<\/dt>\n<dd><span class=\"wpcf7-form-control-wrap your-message\"><textarea name=\"your-message\" cols=\"40\" rows=\"10\" class=\"wpcf7-form-control wpcf7-textarea\" aria-invalid=\"false\" placeholder=\"\u3054\u8cea\u554f\u30fb\u3054\u8981\u671b\"><\/textarea><\/span><\/dd>\n<\/dl>\n<\/div>\n<div class=\"form_submit_btn_pianomaster\">\n<span><br \/>\n<input type=\"submit\" value=\"\u304a\u554f\u3044\u5408\u308f\u305b\" class=\"wpcf7-form-control wpcf7-submit btn btn-success btn-lg\" \/><br \/>\n<\/span>\n\t<\/div>\n<div class=\"wpcf7-response-output wpcf7-display-none\"><\/div><\/form><\/div>\n<p class=\"ranking_p mb30\">\u5f8c\u307b\u3069\u5f0a\u793e\u30b9\u30bf\u30c3\u30d5\u3088\u308a\u5185\u5bb9\u3092\u8a73\u3057\u304f\u3054\u6848\u5185\u3055\u305b\u3066\u3044\u305f\u3060\u304d\u307e\u3059\u3002<br \/>\n\u3057\u3070\u3089\u304f\u304a\u5f85\u3061\u4e0b\u3055\u3044\u3002<\/p>\n","protected":false},"excerpt":{"rendered":"<p>\u30b0\u30e9\u30f3\u30c9\u30ae\u30e3\u30e9\u30ea\u30fc\u30fb\u30ec\u30b9\u30ca\u30fc\u30ba\u30af\u30e9\u30d6\uff08GG\u30ec\u30b9\u30ca\u30fc\u30ba\u30af\u30e9\u30d6\uff09\u3068\u306f\u3001 \u97f3\u697d\u6307\u5c0e\u8005\u69d8\u3078\u306e\u30d4\u30a2\u30ce\u306e\u30c8\u30fc\u30bf\u30eb\u30b5\u30fc\u30d3\u30b9\u3092\u63d0\u4f9b\u3055\u305b\u3066\u3044\u305f\u3060\u304f\u5236\u5ea6\u3067\u3059\u3002 \u4f1a\u54e1\uff08\u8b1b\u5e2b\u69d8\uff09\u30fb\u3054\u7d39\u4ecb\u3044\u305f\u3060\u3044\u305f\u65b9\uff08\u751f\u5f92\u69d8\u7b49\uff09\u3078\u306e\u7279\u5178 \u25cf\u30d4\u30a2\u30ce\u3092\u3054\u6210\u7d04\u306e\u969b\u3001\u3055\u30fb\u30fb\u30fb\u30fb<\/p>\n","protected":false},"author":1,"featured_media":0,"parent":0,"menu_order":0,"comment_status":"closed","ping_status":"closed","template":"page_pianomaster.php","meta":[],"_links":{"self":[{"href":"https:\/\/www.grandg.com\/topics\/wp-json\/wp\/v2\/pages\/611"}],"collection":[{"href":"https:\/\/www.grandg.com\/topics\/wp-json\/wp\/v2\/pages"}],"about":[{"href":"https:\/\/www.grandg.com\/topics\/wp-json\/wp\/v2\/types\/page"}],"author":[{"embeddable":true,"href":"https:\/\/www.grandg.com\/topics\/wp-json\/wp\/v2\/users\/1"}],"replies":[{"embeddable":true,"href":"https:\/\/www.grandg.com\/topics\/wp-json\/wp\/v2\/comments?post=611"}],"version-history":[{"count":0,"href":"https:\/\/www.grandg.com\/topics\/wp-json\/wp\/v2\/pages\/611\/revisions"}],"wp:attachment":[{"href":"https:\/\/www.grandg.com\/topics\/wp-json\/wp\/v2\/media?parent=611"}],"curies":[{"name":"wp","href":"https:\/\/api.w.org\/{rel}","templated":true}]}}